{"id":941,"date":"2020-11-29T23:50:30","date_gmt":"2020-11-29T23:50:30","guid":{"rendered":"http:\/\/intertec.com.py\/?page_id=941"},"modified":"2020-12-03T19:07:00","modified_gmt":"2020-12-03T19:07:00","slug":"prepago","status":"publish","type":"page","link":"https:\/\/intertec.com.py\/index.php\/prepago\/","title":{"rendered":"PREPAGO"},"content":{"rendered":"<div id=\"aq-template-wrapper-994\" class=\"aq-template-wrapper aq_row\"><div class='no_show_effect gray_section ' style=' background-color:#f8f8f8;border-top-color:#e5e5e5; border-bottom-color:#e5e5e5; padding-bottom:40px; padding-top:80px;'><div class='container'><div class='row'><div class='col-md-12'><\/div><\/div><\/div><div class=\"container content_container\"><div class=\"row\"><div id=\"aq-block-2\" class=\"aq-block  aq-block-aq_image_block col-md-6  aq-first cf\"><div class='image_container no_show_effect no-border' ><img src='http:\/\/intertec.com.py\/wp-content\/uploads\/2023\/11\/recarga-con-wasap.jpg' class='alignnone' \/><\/div><\/div><div id=\"aq-block-3\" class=\"aq-block  aq-block-aq_text_block col-md-6   cf\"><h3 class=\"title thin_title\">TRA\u00c9 TU N\u00daMERO A CLARO<\/h3><div class='no_show_effect'><div role=\"form\" class=\"wpcf7\" id=\"wpcf7-f993-o1\" lang=\"en-US\" dir=\"ltr\">\n<div class=\"screen-reader-response\">\n<p role=\"status\" aria-live=\"polite\" aria-atomic=\"true\">\n<ul><\/ul>\n<\/div>\n<form action=\"\/index.php\/wp-json\/wp\/v2\/pages\/941#wpcf7-f993-o1\" method=\"post\" class=\"wpcf7-form init\" novalidate=\"novalidate\" data-status=\"init\">\n<div style=\"display: none;\">\n<input type=\"hidden\" name=\"_wpcf7\" value=\"993\" \/><br \/>\n<input type=\"hidden\" name=\"_wpcf7_version\" value=\"5.3\" \/><br \/>\n<input type=\"hidden\" name=\"_wpcf7_locale\" value=\"en_US\" \/><br \/>\n<input type=\"hidden\" name=\"_wpcf7_unit_tag\" value=\"wpcf7-f993-o1\" \/><br \/>\n<input type=\"hidden\" name=\"_wpcf7_container_post\" value=\"0\" \/><br \/>\n<input type=\"hidden\" name=\"_wpcf7_posted_data_hash\" value=\"\" \/>\n<\/div>\n<div class=\"row\">\n<label>Con tu chip prepago habl\u00e1s SIN COSTO a todos los Claro y adem\u00e1s tenes Whatsapp y juegos GRATIS y packs de redes sociales.<br \/>\n<label><br \/>\n<span class=\"wpcf7-form-control-wrap nombre3\"><input type=\"text\" name=\"nombre3\" value=\"\" size=\"40\" class=\"wpcf7-form-control wpcf7-text wpcf7-validates-as-required\" aria-required=\"true\" aria-invalid=\"false\" placeholder=\"TU TEL\u00c9FONO AQU\u00cd\" \/><\/span><br \/>\n<span class=\"wpcf7-form-control-wrap nombre2\"><input type=\"text\" name=\"nombre2\" value=\"\" size=\"40\" class=\"wpcf7-form-control wpcf7-text wpcf7-validates-as-required\" aria-required=\"true\" aria-invalid=\"false\" placeholder=\"TU NOMBRE AQU\u00cd\" \/><\/span><br \/>\n<span class=\"wpcf7-form-control-wrap checkbox-92\"><span class=\"wpcf7-form-control wpcf7-checkbox\"><\/span><\/span><input type=\"submit\" value=\"ENVIAR\" class=\"wpcf7-form-control wpcf7-submit\" \/><\/p>\n<div class=\"wpcf7-response-output\" aria-hidden=\"true\"><\/div>\n<\/form>\n<\/div>\n<\/div><\/div><\/div><\/div><div class=\"container\"><div class=\"row\"><div class=\"col-md-12 seperator_shadow\" style=\"margin-top:30px;margin-bottom:30px;\"><\/div><\/div><\/div><\/div><\/div>\n","protected":false},"excerpt":{"rendered":"TRA\u00c9 TU N\u00daMERO A CLARO Con tu chip prepago habl\u00e1s SIN COSTO a todos los Claro y adem\u00e1s tenes Whatsapp y juegos GRATIS y packs de redes sociales.","protected":false},"author":1,"featured_media":0,"parent":0,"menu_order":0,"comment_status":"closed","ping_status":"closed","template":"page-templates\/pagebuilder.php","meta":[],"_links":{"self":[{"href":"https:\/\/intertec.com.py\/index.php\/wp-json\/wp\/v2\/pages\/941"}],"collection":[{"href":"https:\/\/intertec.com.py\/index.php\/wp-json\/wp\/v2\/pages"}],"about":[{"href":"https:\/\/intertec.com.py\/index.php\/wp-json\/wp\/v2\/types\/page"}],"author":[{"embeddable":true,"href":"https:\/\/intertec.com.py\/index.php\/wp-json\/wp\/v2\/users\/1"}],"replies":[{"embeddable":true,"href":"https:\/\/intertec.com.py\/index.php\/wp-json\/wp\/v2\/comments?post=941"}],"version-history":[{"count":3,"href":"https:\/\/intertec.com.py\/index.php\/wp-json\/wp\/v2\/pages\/941\/revisions"}],"predecessor-version":[{"id":995,"href":"https:\/\/intertec.com.py\/index.php\/wp-json\/wp\/v2\/pages\/941\/revisions\/995"}],"wp:attachment":[{"href":"https:\/\/intertec.com.py\/index.php\/wp-json\/wp\/v2\/media?parent=941"}],"curies":[{"name":"wp","href":"https:\/\/api.w.org\/{rel}","templated":true}]}}