{"id":927,"date":"2020-11-25T19:12:32","date_gmt":"2020-11-25T19:12:32","guid":{"rendered":"http:\/\/intertec.com.py\/?page_id=927"},"modified":"2020-11-25T19:39:09","modified_gmt":"2020-11-25T19:39:09","slug":"portabilidad","status":"publish","type":"page","link":"https:\/\/intertec.com.py\/index.php\/portabilidad\/","title":{"rendered":"PORTABILIDAD"},"content":{"rendered":"<div id=\"aq-template-wrapper-930\" class=\"aq-template-wrapper aq_row\"><div class='no_show_effect gray_section ' style=' background-color:#f8f8f8;border-top-color:#e5e5e5; border-bottom-color:#e5e5e5; padding-bottom:40px; padding-top:80px;'><div class='container'><div class='row'><div class='col-md-12'><\/div><\/div><\/div><div class=\"container content_container\"><div class=\"row\"><div id=\"aq-block-2\" class=\"aq-block  aq-block-aq_image_block col-md-6  aq-first cf\"><div class='image_container no_show_effect no-border' ><img src='https:\/\/intertec.com.py\/wp-content\/uploads\/2020\/12\/portabilidad.jpg' class='alignnone' \/><\/div><\/div><div id=\"aq-block-3\" class=\"aq-block  aq-block-aq_text_block col-md-6   cf\"><h3 class=\"title thin_title\">TRA\u00c9 TU N\u00daMERO A CLARO<\/h3><div class='no_show_effect'><div role=\"form\" class=\"wpcf7\" id=\"wpcf7-f937-o1\" lang=\"en-US\" dir=\"ltr\">\n<div class=\"screen-reader-response\">\n<p role=\"status\" aria-live=\"polite\" aria-atomic=\"true\">\n<ul><\/ul>\n<\/div>\n<form action=\"\/index.php\/wp-json\/wp\/v2\/pages\/927#wpcf7-f937-o1\" method=\"post\" class=\"wpcf7-form init\" novalidate=\"novalidate\" data-status=\"init\">\n<div style=\"display: none;\">\n<input type=\"hidden\" name=\"_wpcf7\" value=\"937\" \/><br \/>\n<input type=\"hidden\" name=\"_wpcf7_version\" value=\"5.3\" \/><br \/>\n<input type=\"hidden\" name=\"_wpcf7_locale\" value=\"en_US\" \/><br \/>\n<input type=\"hidden\" name=\"_wpcf7_unit_tag\" value=\"wpcf7-f937-o1\" \/><br \/>\n<input type=\"hidden\" name=\"_wpcf7_container_post\" value=\"0\" \/><br \/>\n<input type=\"hidden\" name=\"_wpcf7_posted_data_hash\" value=\"\" \/>\n<\/div>\n<div class=\"row\">\n<label>\u00a1Tra\u00e9 tu n\u00famero a Claro y disfrut\u00e1 de nuevos beneficios!  Si es una l\u00ednea a plan o a recarga, con Claro pagas menos y te damos M\u00c1S!<br \/>\n<label><br \/>\n<span class=\"wpcf7-form-control-wrap your-name\"><input type=\"text\" name=\"your-name\" value=\"\" size=\"40\" class=\"wpcf7-form-control wpcf7-text wpcf7-validates-as-required\" aria-required=\"true\" aria-invalid=\"false\" placeholder=\"TU TEL\u00c9FONO\" \/><\/span><br \/>\n<span class=\"wpcf7-form-control-wrap checkbox-92\"><span class=\"wpcf7-form-control wpcf7-checkbox\"><\/span><\/span><input type=\"submit\" value=\"ENVIAR\" class=\"wpcf7-form-control wpcf7-submit\" \/><\/p>\n<div class=\"wpcf7-response-output\" aria-hidden=\"true\"><\/div>\n<\/form>\n<\/div>\n<\/div><\/div><\/div><\/div><\/div><\/div>\n\n\n\n<p><\/p>\n","protected":false},"excerpt":{"rendered":"TRA\u00c9 TU N\u00daMERO A CLARO \u00a1Tra\u00e9 tu n\u00famero a Claro y disfrut\u00e1 de nuevos beneficios! Si es una l\u00ednea a plan o a recarga, con Claro pagas menos y te damos M\u00c1S!","protected":false},"author":1,"featured_media":0,"parent":0,"menu_order":0,"comment_status":"closed","ping_status":"closed","template":"page-templates\/pagebuilder.php","meta":[],"_links":{"self":[{"href":"https:\/\/intertec.com.py\/index.php\/wp-json\/wp\/v2\/pages\/927"}],"collection":[{"href":"https:\/\/intertec.com.py\/index.php\/wp-json\/wp\/v2\/pages"}],"about":[{"href":"https:\/\/intertec.com.py\/index.php\/wp-json\/wp\/v2\/types\/page"}],"author":[{"embeddable":true,"href":"https:\/\/intertec.com.py\/index.php\/wp-json\/wp\/v2\/users\/1"}],"replies":[{"embeddable":true,"href":"https:\/\/intertec.com.py\/index.php\/wp-json\/wp\/v2\/comments?post=927"}],"version-history":[{"count":2,"href":"https:\/\/intertec.com.py\/index.php\/wp-json\/wp\/v2\/pages\/927\/revisions"}],"predecessor-version":[{"id":932,"href":"https:\/\/intertec.com.py\/index.php\/wp-json\/wp\/v2\/pages\/927\/revisions\/932"}],"wp:attachment":[{"href":"https:\/\/intertec.com.py\/index.php\/wp-json\/wp\/v2\/media?parent=927"}],"curies":[{"name":"wp","href":"https:\/\/api.w.org\/{rel}","templated":true}]}}