{"id":336,"date":"2020-10-12T18:11:21","date_gmt":"2020-10-12T18:11:21","guid":{"rendered":"http:\/\/intertec.com.py\/?page_id=336"},"modified":"2020-11-30T01:11:48","modified_gmt":"2020-11-30T01:11:48","slug":"reparaciones","status":"publish","type":"page","link":"https:\/\/intertec.com.py\/index.php\/reparaciones\/","title":{"rendered":"REPARACIONES"},"content":{"rendered":"<div id=\"aq-template-wrapper-964\" class=\"aq-template-wrapper aq_row\"><div class='no_show_effect gray_section ' style=' background-color:#f8f8f8;border-top-color:#e5e5e5; border-bottom-color:#e5e5e5; padding-bottom:40px; padding-top:80px;'><div class='container'><div class='row'><div class='col-md-12'><\/div><\/div><\/div><div class=\"container content_container fullwidth-aq-block fullwidth_aq_rev_block\"><div class=\"row\"><div id=\"aq-block-2\" class=\"aq-block  aq-block-aq_rev_block col-md-12  aq-first cf\">\n                        <div class=\"slider_offset\" >\n                    \n\t\t\t<!-- START servicios REVOLUTION SLIDER 6.2.22 --><p class=\"rs-p-wp-fix\"><\/p>\n\t\t\t<rs-module-wrap id=\"rev_slider_5_1_wrapper\" data-source=\"gallery\" style=\"background:#E9E9E9;padding:0;margin:0px auto;margin-top:0;margin-bottom:0;max-width:;\">\n\t\t\t\t<rs-module id=\"rev_slider_5_1\" style=\"\" data-version=\"6.2.22\">\n\t\t\t\t\t<rs-slides>\n\t\t\t\t\t\t<rs-slide data-key=\"rs-13\" data-title=\"Slide\" data-anim=\"ei:d;eo:d;s:300;r:0;t:random;sl:7;\">\n\t\t\t\t\t\t\t<img src=\"\/\/intertec.com.py\/wp-content\/plugins\/revslider\/public\/assets\/assets\/dummy.png\" title=\"celulares-3\" width=\"604\" height=\"340\" data-lazyload=\"\/\/intertec.com.py\/wp-content\/uploads\/2020\/12\/celulares-3.jpg\" data-bg=\"p:center top;\" class=\"rev-slidebg\" data-no-retina>\n<!--\n\t\t\t\t\t\t\t--><rs-layer\n\t\t\t\t\t\t\t\tid=\"slider-5-slide-13-layer-2\" \n\t\t\t\t\t\t\t\tclass=\"main_white_title_large\"\n\t\t\t\t\t\t\t\tdata-type=\"text\"\n\t\t\t\t\t\t\t\tdata-color=\"#bc471c||#bc471c||rgba(255,255,255,1)||rgba(255,255,255,1)\"\n\t\t\t\t\t\t\t\tdata-rsp_ch=\"on\"\n\t\t\t\t\t\t\t\tdata-xy=\"x:c;yo:226px,226px,226px,176px;\"\n\t\t\t\t\t\t\t\tdata-text=\"s:52,52,48,32;l:38;fw:800;\"\n\t\t\t\t\t\t\t\tdata-padding=\"t:1;r:4;l:4;\"\n\t\t\t\t\t\t\t\tdata-frame_1=\"st:800;\"\n\t\t\t\t\t\t\t\tdata-frame_999=\"st:8700;auto:true;\"\n\t\t\t\t\t\t\t\tstyle=\"z-index:6;font-family:Open Sans, sans-serif;\"\n\t\t\t\t\t\t\t>REPARACION DE CELULARES \n\t\t\t\t\t\t\t<\/rs-layer><!--\n-->\t\t\t\t\t\t<\/rs-slide>\n\t\t\t\t\t<\/rs-slides>\n\t\t\t\t<\/rs-module>\n\t\t\t\t<script type=\"text\/javascript\">\n\t\t\t\t\tsetREVStartSize({c: 'rev_slider_5_1',rl:[1240,1024,778,480],el:[500,500,500,400],gw:[1024,778,480,320],gh:[500,500,500,400],type:'standard',justify:'',layout:'fullwidth',mh:\"0\"});\n\t\t\t\t\tvar\trevapi5,\n\t\t\t\t\t\ttpj;\n\t\t\t\t\tfunction revinit_revslider51() {\n\t\t\t\t\tjQuery(function() {\n\t\t\t\t\t\ttpj = jQuery;\n\t\t\t\t\t\trevapi5 = tpj(\"#rev_slider_5_1\");\n\t\t\t\t\t\ttpj.noConflict();\n\t\t\t\t\t\tif(revapi5==undefined || revapi5.revolution == undefined){\n\t\t\t\t\t\t\trevslider_showDoubleJqueryError(\"rev_slider_5_1\");\n\t\t\t\t\t\t}else{\n\t\t\t\t\t\t\trevapi5.revolution({\n\t\t\t\t\t\t\t\tvisibilityLevels:\"1240,1024,778,480\",\n\t\t\t\t\t\t\t\tgridwidth:\"1024,778,480,320\",\n\t\t\t\t\t\t\t\tgridheight:\"500,500,500,400\",\n\t\t\t\t\t\t\t\tlazyType:\"smart\",\n\t\t\t\t\t\t\t\tspinner:\"spinner0\",\n\t\t\t\t\t\t\t\tperspective:600,\n\t\t\t\t\t\t\t\tperspectiveType:\"local\",\n\t\t\t\t\t\t\t\teditorheight:\"500,500,500,400\",\n\t\t\t\t\t\t\t\tresponsiveLevels:\"1240,1024,778,480\",\n\t\t\t\t\t\t\t\tprogressBar: {\n\t\t\t\t\t\t\t\t\tcolor:\"rgba(0,0,0,0.15)\",\n\t\t\t\t\t\t\t\t\tvertical:\"top\",\n\t\t\t\t\t\t\t\t\tsize:5,\n\t\t\t\t\t\t\t\t\tx:0,\n\t\t\t\t\t\t\t\t\ty:0\n\t\t\t\t\t\t\t\t},\n\t\t\t\t\t\t\t\tnavigation: {\n\t\t\t\t\t\t\t\t\tmouseScrollNavigation:false,\n\t\t\t\t\t\t\t\t\ttouch: {\n\t\t\t\t\t\t\t\t\t\ttouchenabled:true,\n\t\t\t\t\t\t\t\t\t\tswipe_min_touches:50\n\t\t\t\t\t\t\t\t\t}\n\t\t\t\t\t\t\t\t},\n\t\t\t\t\t\t\t\tfallbacks: {\n\t\t\t\t\t\t\t\t\tallowHTML5AutoPlayOnAndroid:true\n\t\t\t\t\t\t\t\t},\n\t\t\t\t\t\t\t});\n\t\t\t\t\t\t}\n\t\t\t\t\t\t\n\t\t\t\t\t});\n\t\t\t\t\t} \/\/ End of RevInitScript\n\t\t\t\tvar once_revslider51 = false;\n\t\t\t\tif (document.readyState === \"loading\") {document.addEventListener('readystatechange',function() { if((document.readyState === \"interactive\" || document.readyState === \"complete\") && !once_revslider51 ) { once_revslider51 = true; revinit_revslider51();}});} else {once_revslider51 = true; revinit_revslider51();}\n\t\t\t\t<\/script>\n\t\t\t<\/rs-module-wrap>\n\t\t\t<!-- END REVOLUTION SLIDER -->\n                    <div class=\"hiddin_excerpt\"><\/div>            <\/div>\n            <\/div><\/div><\/div><div class=\"container\"><div class=\"row\"><div class=\"col-md-12 seperator_shadow\" style=\"margin-top:30px;margin-bottom:30px;\"><img src=\"https:\/\/intertec.com.py\/wp-content\/plugins\/sarraty-core\/img\/shadow3.png\"\/><\/div><\/div><\/div><div class=\"container content_container\"><div class=\"row\"><div id=\"aq-block-4\" class=\"aq-block  aq-block-aq_text_block col-md-12  aq-first cf\"><h3 class=\"title thin_title\">SERVICIO T\u00c9CNICO OFICIAL DE MARCAS GLOBALES<\/h3><div class='show_bounce'><\/div><\/div><\/div><\/div><div class=\"container content_container\"><div class=\"row\"><div id=\"aq-block-5\" class=\"aq-block  aq-block-aq_service_block col-md-2  aq-first cf\"><div><div class=\"row service_row default_service_row\"> <div class=\"col-md-12 \"> <div class=\"service_block service_row_bordered\"><div class=\"service_icon\"><a class=\"\"><i class=' icon-mobile-1'><\/i><\/a><\/div><div class=\"service_info\"><h4 class=\"service_title\">SAMSUNG<\/h4><\/div><\/div> <\/div> <\/div><\/div><\/div><div id=\"aq-block-6\" class=\"aq-block  aq-block-aq_service_block col-md-2   cf\"><div><div class=\"row service_row default_service_row\"> <div class=\"col-md-12 \"> <div class=\"service_block service_row_bordered\"><div class=\"service_icon\"><a class=\"\"><i class=' icon-mobile-1'><\/i><\/a><\/div><div class=\"service_info\"><h4 class=\"service_title\">HUAWEI<\/h4><\/div><\/div> <\/div> <\/div><\/div><\/div><div id=\"aq-block-7\" class=\"aq-block  aq-block-aq_service_block col-md-2   cf\"><div><div class=\"row service_row default_service_row\"> <div class=\"col-md-12 \"> <div class=\"service_block service_row_bordered\"><div class=\"service_icon\"><a class=\"\"><i class=' icon-mobile-1'><\/i><\/a><\/div><div class=\"service_info\"><h4 class=\"service_title\">LG<\/h4><\/div><\/div> <\/div> <\/div><\/div><\/div><div id=\"aq-block-8\" class=\"aq-block  aq-block-aq_service_block col-md-2   cf\"><div><div class=\"row service_row default_service_row\"> <div class=\"col-md-12 \"> <div class=\"service_block service_row_bordered\"><div class=\"service_icon\"><a class=\"\"><i class=' icon-mobile-1'><\/i><\/a><\/div><div class=\"service_info\"><h4 class=\"service_title\">NOKIA<\/h4><\/div><\/div> <\/div> <\/div><\/div><\/div><div id=\"aq-block-9\" class=\"aq-block  aq-block-aq_service_block col-md-2   cf\"><div><div class=\"row service_row default_service_row\"> <div class=\"col-md-12 \"> <div class=\"service_block service_row_bordered\"><div class=\"service_icon\"><a class=\"\"><i class=' icon-mobile-1'><\/i><\/a><\/div><div class=\"service_info\"><h4 class=\"service_title\">MOTOROLA<\/h4><\/div><\/div> <\/div> <\/div><\/div><\/div><div id=\"aq-block-10\" class=\"aq-block  aq-block-aq_service_block col-md-2   cf\"><div><div class=\"row service_row default_service_row\"> <div class=\"col-md-12 \"> <div class=\"service_block service_row_bordered\"><div class=\"service_icon\"><a class=\"\"><i class=' icon-mobile-1'><\/i><\/a><\/div><div class=\"service_info\"><h4 class=\"service_title\">IPHONE<\/h4><\/div><\/div> <\/div> <\/div><\/div><\/div><\/div><\/div><div class=\"container\"><div class=\"row\"><div class=\"col-md-12 seperator_shadow\" style=\"margin-top:30px;margin-bottom:30px;\"><img src=\"https:\/\/intertec.com.py\/wp-content\/plugins\/sarraty-core\/img\/shadow3.png\"\/><\/div><\/div><\/div><div class=\"container content_container\"><div class=\"row\"><div id=\"aq-block-12\" class=\"aq-block  aq-block-aq_image_block col-md-2  aq-first cf\"><div class='image_container no_show_effect no-border' ><img src='' class='alignnone' \/><\/div><\/div><div id=\"aq-block-13\" class=\"aq-block  aq-block-aq_image_block col-md-7   cf\"><div class='image_container no_show_effect no-border' ><img src='https:\/\/intertec.com.py\/wp-content\/uploads\/2020\/12\/WhatsApp-Image-2020-09-15-at-16.49.22.jpg' class='alignnone' \/><\/div><\/div><div id=\"aq-block-14\" class=\"aq-block  aq-block-aq_image_block col-md-2   cf\"><div class='image_container no_show_effect no-border' ><img src='' class='alignnone' \/><\/div><\/div><div class=\"container\"><div class=\"row\"><div class=\"col-md-12 seperator_shadow\" style=\"margin-top:30px;margin-bottom:30px;\"><img src=\"https:\/\/intertec.com.py\/wp-content\/plugins\/sarraty-core\/img\/shadow3.png\"\/><\/div><\/div><\/div><\/div><\/div><div class=\"container content_container\"><div class=\"row\"><div id=\"aq-block-16\" class=\"aq-block  aq-block-aq_text_block col-md-12  aq-first cf\"><h3 class=\"title thin_title\">AQUI ESTAMOS<\/h3><div class='show_bounce'><p><iframe src=\"https:\/\/www.google.com\/maps\/embed?pb=!1m18!1m12!1m3!1d57699.508322791015!2d-57.650804636328864!3d-25.330422161455278!2m3!1f0!2f0!3f0!3m2!1i1024!2i768!4f13.1!3m3!1m2!1s0x0%3A0xd11ce66c2373da68!2sIntertec!5e0!3m2!1ses-419!2spy!4v1606247160005!5m2!1ses-419!2spy\" width=\"900\" height=\"450\" frameborder=\"0\" style=\"border:0;\" allowfullscreen=\"\" aria-hidden=\"false\" tabindex=\"0\"><\/iframe><\/p>\n<\/div><\/div><\/div><\/div><div class=\"container content_container\"><div class=\"row\"><div id=\"aq-block-17\" class=\"aq-block  aq-block-aq_text_block col-md-12  aq-first cf\"><h3 class=\"title thin_title\">AGENDATE!!<\/h3><div class='no_show_effect'><p>Cont\u00e1nos cuando quer\u00e9s visitarnos o que uno de nuestros expertos te contacte por el medio que nos indiques.<\/p>\n<\/div><\/div><\/div><\/div><div class=\"container content_container\"><div class=\"row\"><div id=\"aq-block-18\" class=\"aq-block  aq-block-aq_text_block col-md-6  aq-first cf\"><div class='no_show_effect'><div role=\"form\" class=\"wpcf7\" id=\"wpcf7-f970-o1\" lang=\"en-US\" dir=\"ltr\">\n<div class=\"screen-reader-response\">\n<p role=\"status\" aria-live=\"polite\" aria-atomic=\"true\">\n<ul><\/ul>\n<\/div>\n<form action=\"\/index.php\/wp-json\/wp\/v2\/pages\/336#wpcf7-f970-o1\" method=\"post\" class=\"wpcf7-form init\" novalidate=\"novalidate\" data-status=\"init\">\n<div style=\"display: none;\">\n<input type=\"hidden\" name=\"_wpcf7\" value=\"970\" \/><br \/>\n<input type=\"hidden\" name=\"_wpcf7_version\" value=\"5.3\" \/><br \/>\n<input type=\"hidden\" name=\"_wpcf7_locale\" value=\"en_US\" \/><br \/>\n<input type=\"hidden\" name=\"_wpcf7_unit_tag\" value=\"wpcf7-f970-o1\" \/><br \/>\n<input type=\"hidden\" name=\"_wpcf7_container_post\" value=\"0\" \/><br \/>\n<input type=\"hidden\" name=\"_wpcf7_posted_data_hash\" value=\"\" \/>\n<\/div>\n<p><label> TU NOMBRE COMPLETO<br \/>\n<span class=\"wpcf7-form-control-wrap your-name\"><input type=\"text\" name=\"your-name\" value=\"\" size=\"40\" class=\"wpcf7-form-control wpcf7-text wpcf7-validates-as-required\" aria-required=\"true\" aria-invalid=\"false\" placeholder=\"NOMBRE\" \/><\/span> <\/label><br \/>\n<label>TU TEL\u00c9FONO (requerido)<br \/>\n<span class=\"wpcf7-form-control-wrap nombre3\"><input type=\"text\" name=\"nombre3\" value=\"\" size=\"40\" class=\"wpcf7-form-control wpcf7-text wpcf7-validates-as-required\" aria-required=\"true\" aria-invalid=\"false\" placeholder=\"TEL\u00c9FONO\" \/><\/span><br \/>\n<label> FECHA QUE QUIERES VISITARNOS<br \/>\n<span class=\"wpcf7-form-control-wrap fechaservicios\"><input type=\"date\" name=\"fechaservicios\" value=\"\" class=\"wpcf7-form-control wpcf7-date wpcf7-validates-as-date\" aria-invalid=\"false\" \/><\/span><br \/>\n<label> TU CORREO<br \/>\n<span class=\"wpcf7-form-control-wrap your-email\"><input type=\"email\" name=\"your-email\" value=\"\" size=\"40\" class=\"wpcf7-form-control wpcf7-text wpcf7-email wpcf7-validates-as-required wpcf7-validates-as-email\" aria-required=\"true\" aria-invalid=\"false\" placeholder=\"CORREO\" \/><\/span> <\/label><br \/>\n<label> MENSAJE QUE TE GUSTAR\u00cdA DEJARNOS<br \/>\n<span class=\"wpcf7-form-control-wrap your-message\"><textarea name=\"your-message\" cols=\"40\" rows=\"10\" class=\"wpcf7-form-control wpcf7-textarea\" aria-invalid=\"false\" placeholder=\"MENSAJE\"><\/textarea><\/span> <\/label><br \/>\n<input type=\"submit\" value=\"ENVIAR\" class=\"wpcf7-form-control wpcf7-submit\" \/><\/p>\n<div class=\"wpcf7-response-output\" aria-hidden=\"true\"><\/div>\n<\/form>\n<\/div>\n<\/div><\/div><div id=\"aq-block-19\" class=\"aq-block  aq-block-aq_image_block col-md-6   cf\"><div class='image_container no_show_effect no-border' ><img src='https:\/\/intertec.com.py\/wp-content\/uploads\/2020\/11\/reparaion100.png' class='alignnone' \/><\/div><\/div><\/div><\/div><\/div><div class=\"container content_container\"><div class=\"row\"><div id=\"aq-block-21\" class=\"aq-block  aq-block-aq_image_block col-md-12  aq-first cf\"><div class='image_container no_show_effect no-border' ><img src='' class='alignnone' \/><\/div><\/div><\/div><\/div><\/div>\n","protected":false},"excerpt":{"rendered":"REPARACION DE CELULARES SERVICIO T\u00c9CNICO OFICIAL DE MARCAS GLOBALES SAMSUNG HUAWEI LG NOKIA MOTOROLA IPHONE AQUI ESTAMOS AGENDATE!!Cont\u00e1nos cuando quer\u00e9s visitarnos o que uno de nuestros expertos te contacte por el medio que nos indiques. TU NOMBRE COMPLETO TU TEL\u00c9FONO (requerido) FECHA QUE QUIERES VISITARNOS TU CORREO MENSAJE QUE TE GUSTAR\u00cdA DEJARNOS","protected":false},"author":1,"featured_media":0,"parent":0,"menu_order":0,"comment_status":"closed","ping_status":"closed","template":"page-templates\/pagebuilder.php","meta":[],"_links":{"self":[{"href":"https:\/\/intertec.com.py\/index.php\/wp-json\/wp\/v2\/pages\/336"}],"collection":[{"href":"https:\/\/intertec.com.py\/index.php\/wp-json\/wp\/v2\/pages"}],"about":[{"href":"https:\/\/intertec.com.py\/index.php\/wp-json\/wp\/v2\/types\/page"}],"author":[{"embeddable":true,"href":"https:\/\/intertec.com.py\/index.php\/wp-json\/wp\/v2\/users\/1"}],"replies":[{"embeddable":true,"href":"https:\/\/intertec.com.py\/index.php\/wp-json\/wp\/v2\/comments?post=336"}],"version-history":[{"count":4,"href":"https:\/\/intertec.com.py\/index.php\/wp-json\/wp\/v2\/pages\/336\/revisions"}],"predecessor-version":[{"id":966,"href":"https:\/\/intertec.com.py\/index.php\/wp-json\/wp\/v2\/pages\/336\/revisions\/966"}],"wp:attachment":[{"href":"https:\/\/intertec.com.py\/index.php\/wp-json\/wp\/v2\/media?parent=336"}],"curies":[{"name":"wp","href":"https:\/\/api.w.org\/{rel}","templated":true}]}}