{"id":1016,"date":"2020-12-15T00:00:05","date_gmt":"2020-12-15T00:00:05","guid":{"rendered":"http:\/\/intertec.com.py\/?page_id=1016"},"modified":"2021-02-22T19:35:20","modified_gmt":"2021-02-22T19:35:20","slug":"trabaja-con-nosotros","status":"publish","type":"page","link":"https:\/\/intertec.com.py\/index.php\/trabaja-con-nosotros\/","title":{"rendered":"TRABAJ\u00c1 CON NOSOTROS"},"content":{"rendered":"<div id=\"aq-template-wrapper-1020\" class=\"aq-template-wrapper aq_row\"><div class='no_show_effect gray_section ' style=' background-color:#f8f8f8;border-top-color:#e5e5e5; border-bottom-color:#e5e5e5; padding-bottom:40px; padding-top:80px;'><div class='container'><div class='row'><div class='col-md-12'><\/div><\/div><\/div><div class=\"container content_container\"><div class=\"row\"><div id=\"aq-block-2\" class=\"aq-block  aq-block-aq_image_block col-md-6  aq-first cf\"><div class='image_container no_show_effect no-border' ><img src='https:\/\/intertec.com.py\/wp-content\/uploads\/2020\/12\/empleos.jpeg' class='alignnone' \/><\/div><\/div><div id=\"aq-block-3\" class=\"aq-block  aq-block-aq_text_block col-md-6   cf\"><h3 class=\"title thin_title\">TRABAJ\u00c1 CON NOSOTROS<\/h3><div class='no_show_effect'><div role=\"form\" class=\"wpcf7\" id=\"wpcf7-f1021-o1\" lang=\"en-US\" dir=\"ltr\">\n<div class=\"screen-reader-response\">\n<p role=\"status\" aria-live=\"polite\" aria-atomic=\"true\">\n<ul><\/ul>\n<\/div>\n<form action=\"\/index.php\/wp-json\/wp\/v2\/pages\/1016#wpcf7-f1021-o1\" method=\"post\" class=\"wpcf7-form init\" enctype=\"multipart\/form-data\" novalidate=\"novalidate\" data-status=\"init\">\n<div style=\"display: none;\">\n<input type=\"hidden\" name=\"_wpcf7\" value=\"1021\" \/><br \/>\n<input type=\"hidden\" name=\"_wpcf7_version\" value=\"5.3\" \/><br \/>\n<input type=\"hidden\" name=\"_wpcf7_locale\" value=\"en_US\" \/><br \/>\n<input type=\"hidden\" name=\"_wpcf7_unit_tag\" value=\"wpcf7-f1021-o1\" \/><br \/>\n<input type=\"hidden\" name=\"_wpcf7_container_post\" value=\"0\" \/><br \/>\n<input type=\"hidden\" name=\"_wpcf7_posted_data_hash\" value=\"\" \/>\n<\/div>\n<p><label> En Intertec estamos siempre en la b\u00fasqueda de nuevos talentos.  Si te gustan los desaf\u00edos y queres formar parte de nuestro equipo, envianos tu CV aqu\u00ed.<br \/>\n<label><br \/>\n<span class=\"wpcf7-form-control-wrap file-476\"><input type=\"file\" name=\"file-476\" size=\"40\" class=\"wpcf7-form-control wpcf7-file\" accept=\".pdf,.doc,.docx,.jpg,.jpeg\" aria-invalid=\"false\" \/><\/span><br \/>\n<input type=\"submit\" value=\"ENVIAR\" class=\"wpcf7-form-control wpcf7-submit\" \/><br \/>\n<label><br \/>\n<label>SOLO SER\u00c1N ADMITIDOS FORMATOS PDF o DOC - DOCX.<\/p>\n<div class=\"wpcf7-response-output\" aria-hidden=\"true\"><\/div>\n<\/form>\n<\/div>\n<\/div><\/div><\/div><\/div><\/div><\/div>\n","protected":false},"excerpt":{"rendered":"TRABAJ\u00c1 CON NOSOTROS En Intertec estamos siempre en la b\u00fasqueda de nuevos talentos. Si te gustan los desaf\u00edos y queres formar parte de nuestro equipo, envianos tu CV aqu\u00ed. SOLO SER\u00c1N ADMITIDOS FORMATOS PDF o DOC - DOCX.","protected":false},"author":1,"featured_media":0,"parent":0,"menu_order":0,"comment_status":"closed","ping_status":"closed","template":"page-templates\/pagebuilder.php","meta":[],"_links":{"self":[{"href":"https:\/\/intertec.com.py\/index.php\/wp-json\/wp\/v2\/pages\/1016"}],"collection":[{"href":"https:\/\/intertec.com.py\/index.php\/wp-json\/wp\/v2\/pages"}],"about":[{"href":"https:\/\/intertec.com.py\/index.php\/wp-json\/wp\/v2\/types\/page"}],"author":[{"embeddable":true,"href":"https:\/\/intertec.com.py\/index.php\/wp-json\/wp\/v2\/users\/1"}],"replies":[{"embeddable":true,"href":"https:\/\/intertec.com.py\/index.php\/wp-json\/wp\/v2\/comments?post=1016"}],"version-history":[{"count":3,"href":"https:\/\/intertec.com.py\/index.php\/wp-json\/wp\/v2\/pages\/1016\/revisions"}],"predecessor-version":[{"id":1046,"href":"https:\/\/intertec.com.py\/index.php\/wp-json\/wp\/v2\/pages\/1016\/revisions\/1046"}],"wp:attachment":[{"href":"https:\/\/intertec.com.py\/index.php\/wp-json\/wp\/v2\/media?parent=1016"}],"curies":[{"name":"wp","href":"https:\/\/api.w.org\/{rel}","templated":true}]}}